{"id":106,"date":"2022-08-11T16:32:30","date_gmt":"2022-08-11T16:32:30","guid":{"rendered":"http:\/\/marcuspatrickrehberg.com\/?page_id=106"},"modified":"2022-11-08T14:19:08","modified_gmt":"2022-11-08T14:19:08","slug":"spezial-fokus-werk-orientierte-drehbuch-entwicklung","status":"publish","type":"page","link":"https:\/\/marcuspatrickrehberg.com\/?page_id=106","title":{"rendered":"Werk-orientierte Drehbuch-Entwicklung"},"content":{"rendered":"\n<p>W\u00e4hrend meiner Arbeit als Autor, Dozent und Dramaturg hat sich im Laufe der Jahre eine flexible wie ganzheitliche Drehbuch-Entwicklungsmethode geformt. &nbsp;Mein Ansatz der Werk-orientierten Drehbuch-Entwicklung beruht auf zwei sehr pers\u00f6nlichen Erfahrungswerten:<\/p>\n\n\n\n<p>W\u00e4hrend meiner Arbeit als Autor habe ich oft diese Sehnsucht, dass ich beraten und betreut werden will, und ich habe gleichzeitig die Angst, dass dadurch mein Werk nicht mehr mein Werk ist, dass ich durch die R\u00fcckmeldungen, die Kritik, die Beratung gelenkt und fremdbestimmt werde und im schlimmsten Falle dadurch die Lust verliere, an meinem eigenen Projekt zu arbeiten.<\/p>\n\n\n\n<p>In meinen Seminaren, Workshops sowie in Einzelberatung und Autorengruppen habe ich erfahren, wie wichtig es ist, authentische R\u00fcckmeldung zu geben, die R\u00fcckhalt gibt, ohne zu dr\u00e4ngen, und Sicherheit, ohne einzuengen. Diese und weitere Erfahrungswerte habe ich in der folgenden kleinen Philosophie der Werk-orientierten Drehbuch-Entwicklung zusammengefasst:<\/p>\n\n\n\n<p><strong>Grunds\u00e4tze der Werk-orientierten<\/strong> <strong>Drehbuch-Entwicklung<\/strong><\/p>\n\n\n\n<p><em>Es ist mir in unserer Zusammenarbeit wichtig, <\/em>euch und eure Welterfahrung, euch und eure Idee in Bezug auf euren Stoff ernst zu nehmen. Dies verlangt bewusstes Einf\u00fchlungsverm\u00f6gen.<\/p>\n\n\n\n<p>Jeder Schritt des Autoren verdient &nbsp;&#8211; von der ersten Sekunde an &#8211; h\u00f6chsten Respekt und Anerkennung. Auch Fehler und Umwege geh\u00f6ren zu diesem Entwicklungsprozess. Die Krisen als Chance zu begreifen, und die Chancen in ihnen zu entdecken, bedarf eines Schutzraums, der gleichzeitig Freiraum ist. Diesen Raum zu erschaffen ist ein entscheidendes Ziel.<\/p>\n\n\n\n<p>Meine Erfahrung und die vieler anderer, erfahrener Autoren und Berater ist diese: Man schreibt nur mit dem Herzen gut.<\/p>\n\n\n\n<p>Eure echte, tiefe Leidenschaft f\u00fcr einen Stoff ist das einzige, auf das ihr euch in der Krise (und sie kommt immer) verlassen k\u00f6nnt. Nur sie f\u00fchrt euch heraus, und l\u00e4sst euer Werk emporsteigen wie Ph\u00f6nix aus der Asche.<\/p>\n\n\n\n<p>Jedes Projekt hat seine ureigene Reife-Zeit. Mit unterschiedlichen, individuellen Arbeitsformen sowie Arbeits- und Ruhephasen. Das Projekt darf auf seine spezifische Weise seinen Weg in seiner Zeit gehen. Ich sehe meine Aufgabe bei der Werk-orientieren Drehbuchentwicklung darin, euch in diesem individuellen Weg zu best\u00e4rken.<\/p>\n\n\n\n<p>Jeder Autor, jedes Projekt hat seine St\u00e4rken uns Schw\u00e4chen. Sie gilt es zu achten, anzunehmen und daran zu wachsen.<\/p>\n\n\n\n<p>Deshalb legen wir alle Drehbuch-Theorien und s\u00e4mtliche Analyse- und Schreib-Methoden allesamt in einen einzigen gro\u00dfen Werkzeugkasten. Und s\u00e4mtliche Tools dieser Tool-Box dienen nur einem einzigen Zweck: Euch zu gegebener Zeit die passende Unterst\u00fctzung zu geben, damit sich eure Idee in Bezug auf euren Stoff durch euch zu einem Werk mit einer Botschaft (eurer Botschaft) formt.<\/p>\n\n\n\n<p>***<\/p>\n\n\n\n<p>Das sind die Grundlagen der Werk-orientierten Drehbuchentwicklung, die ich euch anbieten m\u00f6chte.<\/p>\n\n\n\n<p>Im Entwicklungsprozess stehe in euch je nach Bedarf abwechselnd oder kombiniert in folgenden Funktionen \/ mit folgenden F\u00e4higkeiten zu Verf\u00fcgung:<\/p>\n\n\n\n<p><strong>Coach \/ Mentor<\/strong><\/p>\n\n\n\n<p>(individuelle Begleitung auf dem steinigen und zauberhaften Weg des Drehbuchautors)<\/p>\n\n\n\n<p><strong>Dramaturg<\/strong><\/p>\n\n\n\n<p>(Rat und Hinweise bei der L\u00f6sungssuche f\u00fcr die dramaturgischen Herausforderungen w\u00e4hrend des Entwicklungsprozesses)<\/p>\n\n\n\n<p><strong>Lektor<\/strong><\/p>\n\n\n\n<p>(Analyse und R\u00fcckmeldung auf die Ergebnisse)<\/p>\n\n\n\n<p><strong>Drehbuch-Dozent<\/strong><\/p>\n\n\n\n<p>(Weiterbildung\/Wissensauffrischung)<\/p>\n\n\n\n<p><strong>Allgemeine Beratung<\/strong><\/p>\n\n\n\n<p>(S\u00e4mtliche Anliegen, Fragen, Vorgehensweisen, die \u00fcber die Projektarbeit am eigenst\u00e4ndigen Werk hinausreichen)<\/p>\n\n\n\n<p>Ihr k\u00f6nnt als Einzelperson mit einem Projekt, als Autorenteam mit einem Projekt oder als Autorengruppe mit jeweils eigenen Projekten auf mich zur\u00fcckgreifen. Was ihr an aktueller Betreuung w\u00fcnscht, besprechen wir ein einem kostenfreien Beratungsgespr\u00e4ch. Der Preis f\u00fcr die Zeitstunde betr\u00e4gt 50 Euro f\u00fcr Einzelperson, 100 Euro f\u00fcs Teams bzw. Gruppen).<\/p>\n\n\n\n<p>Ich freue mich auf Euch und Eure Werke und auf die Wege dorthin.<\/p>\n\n\n\n<p><\/p>\n\n\n\n<p><strong>Kontakt: <\/strong>mprehberg@gmail.com oder 0731-40388794 <\/p>\n\n\n\n<p>Alle Kontaktdaten auch auf meiner <a href=\"https:\/\/www.dramaturgieverband.org\/profil\/marcus-patrick-rehberg#profile-main\">VeDRA-Profilseite<\/a> (Website des Dramaturgenverbands)<\/p>\n","protected":false},"excerpt":{"rendered":"<p>W\u00e4hrend meiner Arbeit als Autor, Dozent und Dramaturg hat sich im Laufe der Jahre eine flexible wie ganzheitliche Drehbuch-Entwicklungsmethode geformt. &nbsp;Mein Ansatz der Werk-orientierten Drehbuch-Entwicklung beruht auf zwei sehr pers\u00f6nlichen Erfahrungswerten: W\u00e4hrend meiner Arbeit als Autor habe ich oft diese Sehnsucht, dass ich beraten und betreut werden will, und ich habe gleichzeitig die Angst, dass &hellip; <\/p>\n<p class=\"link-more\"><a href=\"https:\/\/marcuspatrickrehberg.com\/?page_id=106\" class=\"more-link\"><span class=\"screen-reader-text\">\u201eWerk-orientierte Drehbuch-Entwicklung\u201c<\/span> weiterlesen<\/a><\/p>\n","protected":false},"author":1,"featured_media":0,"parent":0,"menu_order":0,"comment_status":"closed","ping_status":"closed","template":"","meta":{"footnotes":""},"_links":{"self":[{"href":"https:\/\/marcuspatrickrehberg.com\/index.php?rest_route=\/wp\/v2\/pages\/106"}],"collection":[{"href":"https:\/\/marcuspatrickrehberg.com\/index.php?rest_route=\/wp\/v2\/pages"}],"about":[{"href":"https:\/\/marcuspatrickrehberg.com\/index.php?rest_route=\/wp\/v2\/types\/page"}],"author":[{"embeddable":true,"href":"https:\/\/marcuspatrickrehberg.com\/index.php?rest_route=\/wp\/v2\/users\/1"}],"replies":[{"embeddable":true,"href":"https:\/\/marcuspatrickrehberg.com\/index.php?rest_route=%2Fwp%2Fv2%2Fcomments&post=106"}],"version-history":[{"count":7,"href":"https:\/\/marcuspatrickrehberg.com\/index.php?rest_route=\/wp\/v2\/pages\/106\/revisions"}],"predecessor-version":[{"id":261,"href":"https:\/\/marcuspatrickrehberg.com\/index.php?rest_route=\/wp\/v2\/pages\/106\/revisions\/261"}],"wp:attachment":[{"href":"https:\/\/marcuspatrickrehberg.com\/index.php?rest_route=%2Fwp%2Fv2%2Fmedia&parent=106"}],"curies":[{"name":"wp","href":"https:\/\/api.w.org\/{rel}","templated":true}]}}