{"id":112,"date":"2022-08-11T16:49:24","date_gmt":"2022-08-11T16:49:24","guid":{"rendered":"http:\/\/marcuspatrickrehberg.com\/?page_id=112"},"modified":"2024-02-07T09:28:58","modified_gmt":"2024-02-07T09:28:58","slug":"focused-feedback","status":"publish","type":"page","link":"https:\/\/marcuspatrickrehberg.com\/?page_id=112","title":{"rendered":"Focused Feedback"},"content":{"rendered":"\n<p><em>Dramaturgisches Feedback in h\u00f6chster Konzentration.<\/em><\/p>\n\n\n\n<p>Als Autor habe ich etwas erstaunliches erfahren d\u00fcrfen: bei zwei verschiedenen Drehb\u00fcchern habe ich beim ersten Projekt auf eine kurze E-Mail mit 3 S\u00e4tzen und beim anderen Projekt durch ein 15 Minuten Gespr\u00e4ch jeweils eine komplette \u00dcberarbeitung aufbauen k\u00f6nnen.<\/p>\n\n\n\n<p>Das best\u00e4tigte etwas, dass ich schon lange geahnt hatte. Dramaturgisches Feedback muss nicht lang und ausf\u00fchrlich sein, um zu wirken. Insbesondere in meiner Zeit als Lektor fand ich oft, das ich eigentlich auch nur drei S\u00e4tze h\u00e4tte sagen m\u00fcssen, und alles w\u00e4re klar.<\/p>\n\n\n\n<p>Oft sind es doch die Details, die einem vom Wesentlichen ablenken. Nat\u00fcrlich braucht man eine gewisse Zeit, um dieses fokussierte Feedback als Autor zu verarbeiten. Als ich dieses Ph\u00e4nomen n\u00e4her erforschte, fand ich heraus, das es auch anderen so ging.<\/p>\n\n\n\n<p>Im fokussierten Feedback bekommen Sie die essenzielle dramaturgische Information f\u00fcr die komplette n\u00e4chste \u00dcberarbeitungsstufe.<\/p>\n\n\n\n<p>Die zeitliche bzw. r\u00e4umliche Begrenzung steht im Dienst der Konzentration auf das Wesentliche.<\/p>\n\n\n\n<p>Focused Feedback<\/p>\n\n\n\n<p>Beinhaltet das Lesen der aktuellen Fassung, Feedback wahlweise per E-Mail (3 bis 5 S\u00e4tze) oder Telefonat (15 Minuten)<\/p>\n\n\n\n<p><strong>Kontakt: <\/strong>mprehberg@gmail.com oder 0731-40388794 <\/p>\n","protected":false},"excerpt":{"rendered":"<p>Dramaturgisches Feedback in h\u00f6chster Konzentration. Als Autor habe ich etwas erstaunliches erfahren d\u00fcrfen: bei zwei verschiedenen Drehb\u00fcchern habe ich beim ersten Projekt auf eine kurze E-Mail mit 3 S\u00e4tzen und beim anderen Projekt durch ein 15 Minuten Gespr\u00e4ch jeweils eine komplette \u00dcberarbeitung aufbauen k\u00f6nnen. Das best\u00e4tigte etwas, dass ich schon lange geahnt hatte. Dramaturgisches Feedback &hellip; <\/p>\n<p class=\"link-more\"><a href=\"https:\/\/marcuspatrickrehberg.com\/?page_id=112\" class=\"more-link\"><span class=\"screen-reader-text\">\u201eFocused Feedback\u201c<\/span> weiterlesen<\/a><\/p>\n","protected":false},"author":1,"featured_media":0,"parent":0,"menu_order":0,"comment_status":"closed","ping_status":"closed","template":"","meta":{"footnotes":""},"_links":{"self":[{"href":"https:\/\/marcuspatrickrehberg.com\/index.php?rest_route=\/wp\/v2\/pages\/112"}],"collection":[{"href":"https:\/\/marcuspatrickrehberg.com\/index.php?rest_route=\/wp\/v2\/pages"}],"about":[{"href":"https:\/\/marcuspatrickrehberg.com\/index.php?rest_route=\/wp\/v2\/types\/page"}],"author":[{"embeddable":true,"href":"https:\/\/marcuspatrickrehberg.com\/index.php?rest_route=\/wp\/v2\/users\/1"}],"replies":[{"embeddable":true,"href":"https:\/\/marcuspatrickrehberg.com\/index.php?rest_route=%2Fwp%2Fv2%2Fcomments&post=112"}],"version-history":[{"count":4,"href":"https:\/\/marcuspatrickrehberg.com\/index.php?rest_route=\/wp\/v2\/pages\/112\/revisions"}],"predecessor-version":[{"id":271,"href":"https:\/\/marcuspatrickrehberg.com\/index.php?rest_route=\/wp\/v2\/pages\/112\/revisions\/271"}],"wp:attachment":[{"href":"https:\/\/marcuspatrickrehberg.com\/index.php?rest_route=%2Fwp%2Fv2%2Fmedia&parent=112"}],"curies":[{"name":"wp","href":"https:\/\/api.w.org\/{rel}","templated":true}]}}