{"id":126,"date":"2022-08-12T13:53:21","date_gmt":"2022-08-12T13:53:21","guid":{"rendered":"http:\/\/marcuspatrickrehberg.com\/?page_id=126"},"modified":"2022-08-14T14:48:21","modified_gmt":"2022-08-14T14:48:21","slug":"adk-ausbildung-staatlich-geprueften-drehbuchautor-in","status":"publish","type":"page","link":"https:\/\/marcuspatrickrehberg.com\/?page_id=126","title":{"rendered":"AdK-Ausbildung &#8222;Staatlich gepr\u00fcfte\/r Drehbuchautor\/in&#8220;"},"content":{"rendered":"\n<p>An der <strong>Akademie f\u00fcr darstellende Kunst<\/strong> in Ulm kannst du dich im Fachbereich DREHBUCHSCHREIBEN (Fachbereichsleitung: Marcus Patrick Rehberg) das Schreibhandwerk in einer 4-j\u00e4hrigen Ausbildung erlernen lernen und mit einem staatlich anerkannten Abschluss deinen Weg in der Film-&amp;Medien-Branche gehen.<\/p>\n\n\n\n<p>Was wirst du lernen? Die entscheidende Aufgabe, die ein Drehbuch zu leisten hat, ist die Essenz einer Geschichte zu liefern. Auf Basis dieser Essenz arbeiten dutzende von kreativen Menschen, um die Story audiovisuell zu realisieren. Daher ist eine professionelle Stoffentwicklung f\u00fcr das Gelingen eines Filmprojekts die wichtigste Voraussetzung.\u00a0<br>Um dieser Verantwortung gerecht zu werden, bedarf es f\u00fcr das Schreiben von Drehb\u00fcchern neben Erz\u00e4hltalent und Erz\u00e4hlwillen auch Erz\u00e4hlhandwerk, Recherche- und Schreiberfahrung. Ziel des Bildungsgangs Drehbuch ist es, innerhalb der Abl\u00e4ufe der professionellen Film-Stoff-Entwicklung sowohl k\u00fcnstlerisch eigenst\u00e4ndig als auch im Autorenteam und f\u00fcr Auftragsarbeiten kreativ arbeiten und schreiben k\u00f6nnen.\u00a0<\/p>\n\n\n\n<p>Das Orientierungsjahr erm\u00f6glicht sowohl erste Einblicke in den Bildungsgang Drehbuch als auch in die Bereiche Schauspiel, Regie, Dramaturgie und Theaterp\u00e4dagogik.&nbsp;<\/p>\n\n\n\n<p>Dann folgt eine dreij\u00e4hrige theoretische und praktische Fachausbildung, in der dramaturgisches, filmgeschichtliches und drehbuchhandwerkliches Wissen sowie Marketing- und&nbsp; Branchen-Know-How vermittelt werden.&nbsp;<\/p>\n\n\n\n<p>Die Fachausbildung umfasst folgende Schwerpunkte:<br><strong><br>Drehbuchlehren (schauspieltheorie-, dramentheorie-, filmtheorie-, psychologie- und mythentheorie-basierte Drehbuchtheorien)&nbsp;<br>Dramaturgische Methoden und Schreibhandwerk<br>Entwicklung eigener Drehb\u00fccher(Ideenfindung, Plot, Synopsis, Expos\u00e9, (Step-)Outline, Treatment, Drehbuch, Rewrite-Fassungen, Drehfassung\/Shooting-Script) in verschiedenen Formaten (z.B. Kinofilm, Adaption, Serie, Games) und Genres&nbsp;<br>Drehbuch-Analyse, Optimierungs- bzw. \u00dcberarbeitungsmethoden (Struktur und Sequenzen, Figurenorchestrierung und Charakterbogen, Szene und Dialog, Feinschliff)<br>Branchenwissen (F\u00f6rdermittel, Vertrags- \/Urheberrecht, Filmproduktion, Sender-\/Verleiher-Interessen, Networking, Marketing, Pitching)<\/strong><\/p>\n\n\n\n<p>Bereits w\u00e4hrend der Ausbildung besteht die M\u00f6glichkeit mehrere eigene Drehb\u00fccher zu schreiben und mit Einzel-Coaching und sowie dramaturgischer Beratung (Einzel- und Gruppen-Feedback) bis zur dritten Drehbuch-Fassung zur \u00fcberarbeiten, Szenen zu inszenieren, eigenst\u00e4ndig Kurzfilme zu drehen und mittels Praktika Branchenerfahrung zu sammeln.<\/p>\n\n\n\n<p>Die Ausbildung endet mit einer dreiteiligen Abschlussarbeit in Form einer (m\u00fcndlichen und schriftlichen) Projektpr\u00e4sentation, eines Drehbuchf\u00f6rderantrags inklusive Beispielszenen und Treatment und einem Abschluss-Drehbuch in dritter Fassung.<\/p>\n\n\n\n<p>(Voraussetzungen: Mittlere Reife, Aufnahmepr\u00fcfung an der AdK Ulm &#8211; Berufskolleg f\u00fcr Theaterberufe)<\/p>\n","protected":false},"excerpt":{"rendered":"<p>An der Akademie f\u00fcr darstellende Kunst in Ulm kannst du dich im Fachbereich DREHBUCHSCHREIBEN (Fachbereichsleitung: Marcus Patrick Rehberg) das Schreibhandwerk in einer 4-j\u00e4hrigen Ausbildung erlernen lernen und mit einem staatlich anerkannten Abschluss deinen Weg in der Film-&amp;Medien-Branche gehen. Was wirst du lernen? Die entscheidende Aufgabe, die ein Drehbuch zu leisten hat, ist die Essenz einer &hellip; <\/p>\n<p class=\"link-more\"><a href=\"https:\/\/marcuspatrickrehberg.com\/?page_id=126\" class=\"more-link\"><span class=\"screen-reader-text\">\u201eAdK-Ausbildung &#8222;Staatlich gepr\u00fcfte\/r Drehbuchautor\/in&#8220;\u201c<\/span> weiterlesen<\/a><\/p>\n","protected":false},"author":1,"featured_media":0,"parent":0,"menu_order":0,"comment_status":"closed","ping_status":"closed","template":"","meta":{"footnotes":""},"_links":{"self":[{"href":"https:\/\/marcuspatrickrehberg.com\/index.php?rest_route=\/wp\/v2\/pages\/126"}],"collection":[{"href":"https:\/\/marcuspatrickrehberg.com\/index.php?rest_route=\/wp\/v2\/pages"}],"about":[{"href":"https:\/\/marcuspatrickrehberg.com\/index.php?rest_route=\/wp\/v2\/types\/page"}],"author":[{"embeddable":true,"href":"https:\/\/marcuspatrickrehberg.com\/index.php?rest_route=\/wp\/v2\/users\/1"}],"replies":[{"embeddable":true,"href":"https:\/\/marcuspatrickrehberg.com\/index.php?rest_route=%2Fwp%2Fv2%2Fcomments&post=126"}],"version-history":[{"count":3,"href":"https:\/\/marcuspatrickrehberg.com\/index.php?rest_route=\/wp\/v2\/pages\/126\/revisions"}],"predecessor-version":[{"id":222,"href":"https:\/\/marcuspatrickrehberg.com\/index.php?rest_route=\/wp\/v2\/pages\/126\/revisions\/222"}],"wp:attachment":[{"href":"https:\/\/marcuspatrickrehberg.com\/index.php?rest_route=%2Fwp%2Fv2%2Fmedia&parent=126"}],"curies":[{"name":"wp","href":"https:\/\/api.w.org\/{rel}","templated":true}]}}