{"id":138,"date":"2022-08-12T15:48:02","date_gmt":"2022-08-12T15:48:02","guid":{"rendered":"http:\/\/marcuspatrickrehberg.com\/?page_id=138"},"modified":"2024-02-07T09:28:30","modified_gmt":"2024-02-07T09:28:30","slug":"drehbuch-weiterbildung-fuer-ausgebildete-schauspieler","status":"publish","type":"page","link":"https:\/\/marcuspatrickrehberg.com\/?page_id=138","title":{"rendered":"Drehbuch-Weiterbildung f\u00fcr ausgebildete Schauspieler"},"content":{"rendered":"\n<h2 class=\"wp-block-heading\">WE-Workshop \u201eVom Actor zum Autor!\u201c \u2013 Der Drehbuch-Workshop f\u00fcr Schauspieler*innen<\/h2>\n\n\n\n<p>Dieser Kurs wendet sich speziell an Schauspieler*innen, denen es ein gro\u00dfes Anliegen ist, sich auch dem professionellen Drehbuchschreiben zu widmen. Mit der berufsspezifischen Begabung, sich authentisch in verschiedene Rollen hineinzuversetzen, Szenenabl\u00e4ufe und Motivation der Figuren intensiv und dicht erleben zu k\u00f6nnen, haben Schauspieler*innen beste Voraussetzungen f\u00fcrs Drehbuchschreiben.<\/p>\n\n\n\n<p>Wir durchleuchten die Odyssee der Drehbuchautor*in von der Idee \u00fcber Treatment bis zum gro\u00dfen Meilenstein der ersten Drehbuchfassung und den notwendigen \u00dcberarbeitungsphasen. Im Verlauf des Kurses erlernen Sie das dramaturgische Handwerkszeug und professionelles Know-How, um eine Geschichte spannend und emotional wirksam zu erz\u00e4hlen.<\/p>\n\n\n\n<p>Dozent Marcus Patrick Rehberg (Mitglied im Dramaturgenverband VeDRA) zu seiner Motivation f\u00fcr den Workshop: \u201eAls langj\u00e4hriger Lektor, Filmdramaturg und Drehbuchlehrer habe ich die Erfahrung gemacht, dass viele Schauspieler ein gro\u00dfes Talent f\u00fcrs Drehbuchschreiben haben.\u201c<\/p>\n\n\n\n<p><strong>Marcus Patrick Rehberg \u00b7 Sa\/So 10.00 bis 17.00 Uhr \u00b7 8 Pl\u00e4tze<\/strong><\/p>\n\n\n\n<p><strong>Kontakt: <\/strong>mprehberg@gmail.com oder 0731-40388794 <\/p>\n","protected":false},"excerpt":{"rendered":"<p>WE-Workshop \u201eVom Actor zum Autor!\u201c \u2013 Der Drehbuch-Workshop f\u00fcr Schauspieler*innen Dieser Kurs wendet sich speziell an Schauspieler*innen, denen es ein gro\u00dfes Anliegen ist, sich auch dem professionellen Drehbuchschreiben zu widmen. Mit der berufsspezifischen Begabung, sich authentisch in verschiedene Rollen hineinzuversetzen, Szenenabl\u00e4ufe und Motivation der Figuren intensiv und dicht erleben zu k\u00f6nnen, haben Schauspieler*innen beste Voraussetzungen &hellip; <\/p>\n<p class=\"link-more\"><a href=\"https:\/\/marcuspatrickrehberg.com\/?page_id=138\" class=\"more-link\"><span class=\"screen-reader-text\">\u201eDrehbuch-Weiterbildung f\u00fcr ausgebildete Schauspieler\u201c<\/span> weiterlesen<\/a><\/p>\n","protected":false},"author":1,"featured_media":0,"parent":0,"menu_order":0,"comment_status":"closed","ping_status":"closed","template":"","meta":{"footnotes":""},"_links":{"self":[{"href":"https:\/\/marcuspatrickrehberg.com\/index.php?rest_route=\/wp\/v2\/pages\/138"}],"collection":[{"href":"https:\/\/marcuspatrickrehberg.com\/index.php?rest_route=\/wp\/v2\/pages"}],"about":[{"href":"https:\/\/marcuspatrickrehberg.com\/index.php?rest_route=\/wp\/v2\/types\/page"}],"author":[{"embeddable":true,"href":"https:\/\/marcuspatrickrehberg.com\/index.php?rest_route=\/wp\/v2\/users\/1"}],"replies":[{"embeddable":true,"href":"https:\/\/marcuspatrickrehberg.com\/index.php?rest_route=%2Fwp%2Fv2%2Fcomments&post=138"}],"version-history":[{"count":4,"href":"https:\/\/marcuspatrickrehberg.com\/index.php?rest_route=\/wp\/v2\/pages\/138\/revisions"}],"predecessor-version":[{"id":270,"href":"https:\/\/marcuspatrickrehberg.com\/index.php?rest_route=\/wp\/v2\/pages\/138\/revisions\/270"}],"wp:attachment":[{"href":"https:\/\/marcuspatrickrehberg.com\/index.php?rest_route=%2Fwp%2Fv2%2Fmedia&parent=138"}],"curies":[{"name":"wp","href":"https:\/\/api.w.org\/{rel}","templated":true}]}}