{"id":59,"date":"2022-08-11T14:07:57","date_gmt":"2022-08-11T14:07:57","guid":{"rendered":"http:\/\/marcuspatrickrehberg.com\/?page_id=59"},"modified":"2024-02-07T09:24:14","modified_gmt":"2024-02-07T09:24:14","slug":"adaptions-treatment","status":"publish","type":"page","link":"https:\/\/marcuspatrickrehberg.com\/?page_id=59","title":{"rendered":"Adaptions-Treatment"},"content":{"rendered":"\n<p>Einen Roman filmisch so zu adaptieren, dass die emotionalen Erfolgsfaktoren des Buches auch beim Publikum ankommen, ist bei jedem Projekt eine neue Herausforderung.&nbsp;Erfahrungsgem\u00e4\u00df haben viele Autoren ihre St\u00e4rke im szenischen Schreiben, im reinen Dialog oder im Ausgestalten der Figuren.&nbsp;Dabei ger\u00e4t dann die Arbeit an der emotionalen und thematischen Grundstruktur einer Story leicht aus dem Fokus, weil man annimmt, mit der Romanvorlage eine vermeintlich sichere Basis zu haben.&nbsp;Wenn man sp\u00e4ter merkt, dass das filmische Erz\u00e4hlwerk noch nicht dem Roman ebenb\u00fcrtig ist, kann es leicht sein, dass man nach dramaturgischer Analyse dann nochmal einige Entwicklungsschritte zur\u00fcckgehen muss, wenn man Flickschusterei vermeiden m\u00f6chte.<\/p>\n\n\n\n<p>Im Prozess der Drehbuchentwicklung geht unn\u00f6tig Zeit und Arbeitskraft verloren, wenn an einem Drehbuch herumgezimmert wird, dessen Grundstruktur nicht stimmig ist.&nbsp;Und ein uneffektiv adaptiertes Drehbuch treibt die Kosten am Set unberechenbar in die H\u00f6he und senkt die Einnahmen an der Kinokasse unn\u00f6tig.<\/p>\n\n\n\n<p>Darum bietet Marcus Patrick Rehberg&nbsp;einen besonderen Service als&nbsp;ma\u00dfgeschneiderte L\u00f6sung:<\/p>\n\n\n\n<p>Das&nbsp;<strong>dramaturgische Adaptions-Treatment<\/strong>.<\/p>\n\n\n\n<p>So kann man sich als Produzent sicher sein, dass die&nbsp;filmische Adaption&nbsp;eines Romans eine&nbsp;<strong>optimale Basis<\/strong>&nbsp;hat.<\/p>\n\n\n\n<p>Kombiniert mit einer fundierten Projektbegleitung des eigentlichen Drehbuchautoren durch einen Dramaturgen oder einer Dramaturgin seiner Wahl, die mit dem Autor bzw. der Autorin an der Umsetzung des emotionalen Themas und Beibehaltung des roten Fadens arbeitet, sichert dies&nbsp;<strong>optimale Ergebnisse<\/strong>.<\/p>\n\n\n\n<p>Mit einem Adaptionstreatment haben es Produzenten&nbsp;<em>und<\/em>&nbsp;Autoren leichter, denn sie haben eine fundierte Arbeits- und Gespr\u00e4chsbasis.<\/p>\n\n\n\n<p>Ein emotional wirksames Adaptions-Treatment kann sich auch in Gespr\u00e4chen mit Co-Produzenten, Redaktionen oder F\u00f6rderinstitutionen als hilfreich erweisen.<\/p>\n\n\n\n<p>Sie erhalten das feinjustierte Kernger\u00fcst der Story&nbsp;und liefern dem Autor bzw. der Autorin die Basis, um eine&nbsp;<strong>publikumswirksame Geschichte<\/strong>&nbsp;darauf aufzubauen. Der Autor kann quasi mit einem&nbsp;Sicherheitsfallschirm&nbsp;hinein ins Drehbuchschreiben springen.<\/p>\n\n\n\n<p>Dies ersetzt nicht den Weg der Drehbuchentwicklung und der begleitenden dramaturgischen Beratung. Aber es optimiert und verk\u00fcrzt ihn.<\/p>\n\n\n\n<p>Jede Art von Urheberrechtsanspr\u00fcchen bzw. Autorenstatus sind beim dramaturgischen Adaptions-Treatment\u00a0<strong>explizit ausgeschlossen<\/strong>.<\/p>\n\n\n\n<p>Gerne k\u00f6nnen wir ein&nbsp;<strong>unverbindliches, kostenfreies Vorgespr\u00e4ch<\/strong>&nbsp;vereinbaren.<\/p>\n\n\n\n<p><strong>Kontakt: <\/strong>mprehberg@gmail.com oder 0731-40388794<\/p>\n","protected":false},"excerpt":{"rendered":"<p>Einen Roman filmisch so zu adaptieren, dass die emotionalen Erfolgsfaktoren des Buches auch beim Publikum ankommen, ist bei jedem Projekt eine neue Herausforderung.&nbsp;Erfahrungsgem\u00e4\u00df haben viele Autoren ihre St\u00e4rke im szenischen Schreiben, im reinen Dialog oder im Ausgestalten der Figuren.&nbsp;Dabei ger\u00e4t dann die Arbeit an der emotionalen und thematischen Grundstruktur einer Story leicht aus dem Fokus, &hellip; <\/p>\n<p class=\"link-more\"><a href=\"https:\/\/marcuspatrickrehberg.com\/?page_id=59\" class=\"more-link\"><span class=\"screen-reader-text\">\u201eAdaptions-Treatment\u201c<\/span> weiterlesen<\/a><\/p>\n","protected":false},"author":1,"featured_media":0,"parent":0,"menu_order":0,"comment_status":"closed","ping_status":"closed","template":"","meta":{"footnotes":""},"_links":{"self":[{"href":"https:\/\/marcuspatrickrehberg.com\/index.php?rest_route=\/wp\/v2\/pages\/59"}],"collection":[{"href":"https:\/\/marcuspatrickrehberg.com\/index.php?rest_route=\/wp\/v2\/pages"}],"about":[{"href":"https:\/\/marcuspatrickrehberg.com\/index.php?rest_route=\/wp\/v2\/types\/page"}],"author":[{"embeddable":true,"href":"https:\/\/marcuspatrickrehberg.com\/index.php?rest_route=\/wp\/v2\/users\/1"}],"replies":[{"embeddable":true,"href":"https:\/\/marcuspatrickrehberg.com\/index.php?rest_route=%2Fwp%2Fv2%2Fcomments&post=59"}],"version-history":[{"count":5,"href":"https:\/\/marcuspatrickrehberg.com\/index.php?rest_route=\/wp\/v2\/pages\/59\/revisions"}],"predecessor-version":[{"id":265,"href":"https:\/\/marcuspatrickrehberg.com\/index.php?rest_route=\/wp\/v2\/pages\/59\/revisions\/265"}],"wp:attachment":[{"href":"https:\/\/marcuspatrickrehberg.com\/index.php?rest_route=%2Fwp%2Fv2%2Fmedia&parent=59"}],"curies":[{"name":"wp","href":"https:\/\/api.w.org\/{rel}","templated":true}]}}