{"id":62,"date":"2022-08-11T14:15:26","date_gmt":"2022-08-11T14:15:26","guid":{"rendered":"http:\/\/marcuspatrickrehberg.com\/?page_id=62"},"modified":"2024-02-07T09:29:42","modified_gmt":"2024-02-07T09:29:42","slug":"last-minute-script-doctoring","status":"publish","type":"page","link":"https:\/\/marcuspatrickrehberg.com\/?page_id=62","title":{"rendered":"Last Minute Rewrite"},"content":{"rendered":"\n<p><strong>Skript-Optimierung in letzer Sekunde.<\/strong><\/p>\n\n\n\n<p>Viel Zeit und Arbeitskraft stecken in Ihrer Stoffentwicklung. Und es hat sich bereits gelohnt: Die Finanzierung ihres Filmvorhabens steht, die Produktionsvorbereitung l\u00e4uft!<\/p>\n\n\n\n<p>Und pl\u00f6tzlich stellt der Regisseur oder der Lektor eines Geldgebers fest:&nbsp;<strong>Die Final Draft liefert noch<\/strong><strong>&nbsp;nicht&nbsp;<\/strong><strong>die Essenz einer drehfertigen Geschichte!<\/strong><\/p>\n\n\n\n<p>Ab jetzt steht man als Produzent mit dem R\u00fccken zur Wand.&nbsp;Aber das Gute ist:<strong>Man hat es wenigstens erkannt!<\/strong>&nbsp;<strong>Und das&nbsp;<\/strong><strong>Geldverbrennen<\/strong><strong>&nbsp;hat noch&nbsp;<em>nicht<\/em>begonnen!<\/strong><\/p>\n\n\n\n<p>Wenn der Autor keine weitere \u00dcberarbeitung liefern braucht oder kann, wenn der Regisseur nicht als Autor agieren m\u00f6chte, weil er keine Zeit hat oder weil die notwendigen \u00c4nderungen weit \u00fcber eine Regiefassung hinausreichen, dann bietet Ihnen&nbsp;<a href=\"http:\/\/www.livepages.de\/js\/fckeditor_2-6-2\/editor\/manageContentLinkObject.jsp?pos=7349003&amp;\">Marcus Patrick Rehberg<\/a>&nbsp;die L\u00f6sung:<\/p>\n\n\n\n<p>Sie haben eine wertvolle Geschichte, die Sie lieben. Der Autor hat sein Bestes gegeben! Und doch stimmt etwas noch nicht und der Knackpunkt ist von den Involvierten nicht auf die Schnelle zu finden bzw. zu l\u00f6sen.<\/p>\n\n\n\n<p><strong>Sie haben nur noch wenige Wochen oder Tage bis zum Drehbeginn?<\/strong><\/p>\n\n\n\n<p>Full Service Dramatrugie liefert Ihnen auf Basis der Final Draft ein drehfertiges Skript als solide Ausgangsbasis f\u00fcr die Regiearbeit. (<strong>Notfalls innerhalb von 72 Stunden.<\/strong>)<\/p>\n\n\n\n<p>Sie erhalten ein Drehbuch, in dem das emotional wirksame Thema der Geschichte umgesetzt ist!<\/p>\n\n\n\n<p><strong>Dadurch sind Regisseur und Team wieder handlungsf\u00e4hig.<\/strong><\/p>\n\n\n\n<p>Der Dreh kann beginnen!<\/p>\n\n\n\n<p><strong>Kontakt: <\/strong>mprehberg@gmail.com oder 0731-40388794 <\/p>\n","protected":false},"excerpt":{"rendered":"<p>Skript-Optimierung in letzer Sekunde. Viel Zeit und Arbeitskraft stecken in Ihrer Stoffentwicklung. Und es hat sich bereits gelohnt: Die Finanzierung ihres Filmvorhabens steht, die Produktionsvorbereitung l\u00e4uft! Und pl\u00f6tzlich stellt der Regisseur oder der Lektor eines Geldgebers fest:&nbsp;Die Final Draft liefert noch&nbsp;nicht&nbsp;die Essenz einer drehfertigen Geschichte! Ab jetzt steht man als Produzent mit dem R\u00fccken zur &hellip; <\/p>\n<p class=\"link-more\"><a href=\"https:\/\/marcuspatrickrehberg.com\/?page_id=62\" class=\"more-link\"><span class=\"screen-reader-text\">\u201eLast Minute Rewrite\u201c<\/span> weiterlesen<\/a><\/p>\n","protected":false},"author":1,"featured_media":0,"parent":0,"menu_order":0,"comment_status":"closed","ping_status":"closed","template":"","meta":{"footnotes":""},"_links":{"self":[{"href":"https:\/\/marcuspatrickrehberg.com\/index.php?rest_route=\/wp\/v2\/pages\/62"}],"collection":[{"href":"https:\/\/marcuspatrickrehberg.com\/index.php?rest_route=\/wp\/v2\/pages"}],"about":[{"href":"https:\/\/marcuspatrickrehberg.com\/index.php?rest_route=\/wp\/v2\/types\/page"}],"author":[{"embeddable":true,"href":"https:\/\/marcuspatrickrehberg.com\/index.php?rest_route=\/wp\/v2\/users\/1"}],"replies":[{"embeddable":true,"href":"https:\/\/marcuspatrickrehberg.com\/index.php?rest_route=%2Fwp%2Fv2%2Fcomments&post=62"}],"version-history":[{"count":7,"href":"https:\/\/marcuspatrickrehberg.com\/index.php?rest_route=\/wp\/v2\/pages\/62\/revisions"}],"predecessor-version":[{"id":272,"href":"https:\/\/marcuspatrickrehberg.com\/index.php?rest_route=\/wp\/v2\/pages\/62\/revisions\/272"}],"wp:attachment":[{"href":"https:\/\/marcuspatrickrehberg.com\/index.php?rest_route=%2Fwp%2Fv2%2Fmedia&parent=62"}],"curies":[{"name":"wp","href":"https:\/\/api.w.org\/{rel}","templated":true}]}}