{"id":65,"date":"2022-08-11T14:17:17","date_gmt":"2022-08-11T14:17:17","guid":{"rendered":"http:\/\/marcuspatrickrehberg.com\/?page_id=65"},"modified":"2024-02-07T09:27:51","modified_gmt":"2024-02-07T09:27:51","slug":"2-tools-die-alle-anderen-integrieren","status":"publish","type":"page","link":"https:\/\/marcuspatrickrehberg.com\/?page_id=65","title":{"rendered":"Dramaturgische Reisebegleitung"},"content":{"rendered":"\n<h2 class=\"wp-block-heading\">Das dramaturgische <strong>Projektbegleitungs-Konzept<\/strong> zur Drehbuch-Alchimie<\/h2>\n\n\n\n<p>In meiner Dramaturgischer Projektbegleitung liegen neben allen bew\u00e4hrten Drehbuchtheorien und dramaturgischen Methoden  drei weitere sehr effektive Schreib-handwerkzeuge, die ich als Drehbuchlehrer&nbsp;entwickelt habe: <\/p>\n\n\n\n<div class=\"wp-block-columns is-layout-flex wp-container-core-columns-layout-1 wp-block-columns-is-layout-flex\">\n<div class=\"wp-block-column is-layout-flow wp-block-column-is-layout-flow\" style=\"flex-basis:100%\">\n<ul id=\"block-0b5f9c22-55ff-4b02-9ba4-560a058719f5\"><li>Die Metastruktur der <strong>Figurenleiter<\/strong>.<\/li><li>Die <strong>sieben hermetischen Funktionsprinzipien<\/strong> \u00fcbertragen aufs Storytelling.<\/li><li>Das universelle Umsetzungs-Werkzeug <strong>Planting und Pay-off<\/strong>.<\/li><\/ul>\n<\/div>\n<\/div>\n\n\n\n<p><strong>Das &#8222;Planting &amp; Payoff&#8220;-Prinzip<\/strong><\/p>\n\n\n\n<p>Ein universelles Konstruktionswerkzeug, das auf einem erweiterten &#8222;Planting &amp; Payoff&#8220;-Begriff (Ursache &amp; Wirkung) aufbaut und die Umsetzung der unterschiedlichsten Drehbuchtheorien im DB erm\u00f6glicht.<\/p>\n\n\n\n<p><strong>Die Figurenleiter-Methode<\/strong><\/p>\n\n\n\n<p>Eine qualitative Meta-Struktur, die in sehr vielen Filmklassikern nachzuweisen ist und deren Stufen die Figuren- und Plot-Entwicklung sinnvoll verbinden.<\/p>\n\n\n\n<p><strong>Die sieben hermetische Funktionsprinzipien<\/strong><\/p>\n\n\n\n<p>Sieben hermetische Funktionsprinzipien, die auf allen Ebenen innerhalb des Storytelling-Prozesses wirken.<\/p>\n\n\n\n<p><strong>Dies sind die drei Ingredienzien, die die theoretische und empirische Basis der Drehbuch-Alchimie bilden.<\/strong><\/p>\n\n\n\n<h2 class=\"wp-block-heading\">In meiner konkreten dramaturgischen Projektbegleitung kommen zu den drei Methoden\/Prinzipien der Adrehbuch-Alchimie noch vier wichtige Aspekte\/Tools hinzu:<\/h2>\n\n\n\n<div class=\"wp-block-columns is-layout-flex wp-container-core-columns-layout-2 wp-block-columns-is-layout-flex\">\n<div class=\"wp-block-column is-layout-flow wp-block-column-is-layout-flow\" style=\"flex-basis:100%\">\n<ul><li>Die <strong>tragenden S\u00e4ulen<\/strong> der Story<\/li><li>Das <strong>Selbst-Erkennen<\/strong><\/li><li>Die <strong>radikale Bejahung<\/strong> von Werk und Autor-Intention<\/li><li>Der <strong>sechste\/siebte Sinn<\/strong><\/li><\/ul>\n<\/div>\n<\/div>\n\n\n\n<p><strong>Tragende S\u00e4ulen <\/strong><\/p>\n\n\n\n<p>Ein wichtiger Fokus&nbsp;in der Begleitung und Beratung von Drehbuchautoren und Drehbuchautorinnen ist es f\u00fcr mich,&nbsp;die tragenden S\u00e4ulen&nbsp;des vorliegenden Story-Entwurfs bzw. der vorliegenden Story-Fassung aufzuzeigen. Denn auf den St\u00e4rken (auf den S\u00e4ulen) kann ein Autor \/ eine Autorin aufbauen.&nbsp;Manch ein Logik- oder Plausibilit\u00e4tsproblem l\u00f6st sich schon dadurch in der n\u00e4chsten \u00dcberarbeitung von allein.<\/p>\n\n\n\n<p>Selbstverst\u00e4ndlich ist es auch n\u00fctzlich, Unstimmigkeiten klar zu benennen. Doch ohne das Wissen um die \u201eS\u00e4ulen\u201c hilft das \u201eWegsp\u00fclen\u201c der \u201eSchlacke\u201c langfristig nur wenig und kann unter Umst\u00e4nden sogar kontraproduktiv sein. Denn auch die \u201eSchlacke\u201c erf\u00fcllt ihren Sinn. Auch sie tr\u00e4gt die Geschichte \u2013 n\u00e4mlich als Platzhalter. So liegt in jedem vermeintlichen Fehler bereits der Kern der sp\u00e4teren L\u00f6sung. Ihn herauszusch\u00e4len, ist die Herausforderung, die es anzunehmen gilt.<\/p>\n\n\n\n<p><strong>Selbst-Erkennen<\/strong><\/p>\n\n\n\n<p>Beim Selbst-Erkennen geht es nicht nur um Erkenntnis in Bezug auf die vorliegende Story-Fassung, sondern auch um Selbsterkenntnis im Sinne der Selbst-Erm\u00e4chtigung als Autorit\u00e4t in Bezug auf die Geschichte. Der Vorteil: Selbst-erkannte Probleme f\u00fchren zu &nbsp;selbst-gew\u00e4hlten L\u00f6sungswegen. Und diese kann man aus dem eigenen Gef\u00fchl heraus mit der innerlichen Kraft der selbst gef\u00fchlten Erkenntnis viel authentischer, oft sogar leichter gehen.<\/p>\n\n\n\n<p><strong>Radikale Bejahung<\/strong><\/p>\n\n\n\n<p>Dramaturgie leidet an der &#8222;Berufskrankheit&#8220; des Bewerten und Vergleichens udn Beurteilens. Wie k\u00f6nnen uns dessen Bewusst sein\/werden und nicht. Meine pers\u00f6nliche Erfahrung besteht darin, dass es auch einen Raum geben soll, in dem das Werk vollkommen bejaht wird. So wie die Eltern ihr Kind annhemen (sollten): bedingungsloser Liebe. Dies bedeutet f\u00fc rmich, dass ich das Drehbuch lese und es in seinem Eigenwert sehe, erkenne, aufrichtig annehme und in der Einzigartigkeit seines Seins vollkommen bejahe. Dies \u00f6ffnet Tore, die sonst verschlossen bleiben. T\u00fcre, Tore und Fenster f\u00fcr Inspiration und Intuition &#8211; bei mir und bei dir und bei anderen. <\/p>\n\n\n\n<p><strong>Der sechste\/siebente Sinn<\/strong><\/p>\n\n\n\n<p>Dieses subtile Entwicklungs- und Entscheidungs-Tool wird von sehr vielen renommierten Drehbuchautoren\/innen als essentielle Schreiberfahrung beschrieben. Es ist das Ph\u00e4nomen, dass die Figuren ab einem bestimmten Punkt der Stoff-Durchdringung und Story-Entwicklung anfangen, ein Eigenleben zu f\u00fchren. Sie scheinen gewisserma\u00dfen lebendig zu werden und eigene Forderungen zu stellen. Sie entfalten einen eigenen Willen, eine eigne Sprache. Jedoch wurde bislang wenig davon berichtet, auf welchem h\u00f6heren Prinzip dieses Ph\u00e4nomen basiert. Es ist das Ph\u00e4nomen, welches im Volksmund (auch er tut Wahrheit kund!)&nbsp;der sechste Sinn&nbsp;genannt wird. Andere nennen es g\u00f6ttliche Eingebung oder dichterische Inspiration. Mit dem eigenen sechsten Sinn zu arbeiten, braucht wenig Vorlauf. Es steht einem unmittelbar zur Verf\u00fcgung, ben\u00f6tigt jedoch Erfahrung und Reflexion, um sich zu voll zu entfalten. Dieses Tool verfeinert sich am besten, indem man es anwendet.<\/p>\n\n\n\n<h2 class=\"wp-block-heading\">Das Zusammenspiel der Methoden\/Prinzipien und der Aspekte\/Tools<\/h2>\n\n\n\n<p>Die vier Aspekte\/Tools der dramaturgischen Projektbegleitungs sind auf die drei Methoden\/Prinzipien der Drehbuch-Alchimie abgestimmt.<\/p>\n\n\n\n<p>Zum Beipsiel erg\u00e4nzen sich das <strong>Planting &amp; Pay-off-<em>Prinzip<\/em><\/strong>&nbsp;und&nbsp;das <strong>sechster\/siebenter Sinn-<em>Tool<\/em><\/strong>&nbsp;in folgender Weise: <\/p>\n\n\n\n<p>Das&nbsp;&#8222;<strong>Makro&#8220;-Tool&nbsp;des sechsten\/siebten Sinns<\/strong> gibt&nbsp;\u00dcberblick und Orientierung&nbsp;bei schwierigen Entscheidungen an den unz\u00e4hligen Weggabelungen einer Story. <\/p>\n\n\n\n<p>Das<strong>&nbsp;&#8222;Mikro&#8220;-Prinzip&nbsp;Planting &amp; Pay-off<\/strong> (in seiner erweiterten Neudefinition) sorgt f\u00fcr die&nbsp;konkrete Implementierung.<\/p>\n\n\n\n<p>Das Prinzip des&nbsp;<strong>Planting &amp; Pay-off<\/strong>, mit dem die Informationsverteilung und der Informationsfluss der Story gesteuert werden k\u00f6nnen. Der erweiterte&nbsp;\u201ePlanting &amp; Pay-off\u201c-Begriff erm\u00f6glicht die Konstruktion von Beziehung in Raum und Zeit. Mit diesem praktischen Tool k\u00f6nnen die berechtigen Erfordernisse aller Drehbuch-Theorien und -Methoden, die der Autor \/ die Autorin erlernt hat, ganz konkret in die Story implementiert werden.<\/p>\n\n\n\n<p>Mit der Kombination dieser Tools, Prinzipien und Methoden, die Marcus Patrick Rehberg \u00fcber 10 Jahre hinweg erprobtund schlie\u00dflich formuliert hat, stehen dem Autor \/ der Autorin sofort anwendbare Techniken zu Verf\u00fcgung, um die Anforderungen an die n\u00e4chste \u00dcberarbeitungsstufe konkret und ganzheitlich umzusetzen. Beide Tools basieren auf bereits bekannten, jedoch&nbsp;<strong>essenziell erweiterten Handwerkszeugen erfolgreicher Autoren<\/strong>. <\/p>\n\n\n\n<p>Autoren und Autorinnen, Autorenfilmer\/innen sowie Produzentinnen und Produzenten, die das anspricht, sind herzlich eingeladen, zu einem unverbindlichen Vorgespr\u00e4ch, f\u00fcr das kein Honorar berechnet wird.<\/p>\n\n\n\n<p><em>Auch durch meine Lehrt\u00e4tigkeit ist mir die Nachwuchsf\u00f6rderung ein gro\u00dfes Anliegen. Daher  begleite ich Nachwuchsautoren und Quereinsteiger bei ihren Erstlings- und Deb\u00fctwerken zu ma\u00dfgeschneiderten Konditionen, die sich eurem pers\u00f6nlichen Budget radikal wohlwollenden bis proaktiv-altruiistisch anpassen. Und bzw. also: Fragen kostet nichts:-) <\/em><\/p>\n\n\n\n<p><strong>Kontakt: <\/strong>mprehberg@gmail.com oder 0731-40388794 <\/p>\n","protected":false},"excerpt":{"rendered":"<p>Das dramaturgische Projektbegleitungs-Konzept zur Drehbuch-Alchimie In meiner Dramaturgischer Projektbegleitung liegen neben allen bew\u00e4hrten Drehbuchtheorien und dramaturgischen Methoden drei weitere sehr effektive Schreib-handwerkzeuge, die ich als Drehbuchlehrer&nbsp;entwickelt habe: Die Metastruktur der Figurenleiter. Die sieben hermetischen Funktionsprinzipien \u00fcbertragen aufs Storytelling. Das universelle Umsetzungs-Werkzeug Planting und Pay-off. Das &#8222;Planting &amp; Payoff&#8220;-Prinzip Ein universelles Konstruktionswerkzeug, das auf einem erweiterten &hellip; <\/p>\n<p class=\"link-more\"><a href=\"https:\/\/marcuspatrickrehberg.com\/?page_id=65\" class=\"more-link\"><span class=\"screen-reader-text\">\u201eDramaturgische Reisebegleitung\u201c<\/span> weiterlesen<\/a><\/p>\n","protected":false},"author":1,"featured_media":0,"parent":0,"menu_order":0,"comment_status":"closed","ping_status":"closed","template":"","meta":{"footnotes":""},"_links":{"self":[{"href":"https:\/\/marcuspatrickrehberg.com\/index.php?rest_route=\/wp\/v2\/pages\/65"}],"collection":[{"href":"https:\/\/marcuspatrickrehberg.com\/index.php?rest_route=\/wp\/v2\/pages"}],"about":[{"href":"https:\/\/marcuspatrickrehberg.com\/index.php?rest_route=\/wp\/v2\/types\/page"}],"author":[{"embeddable":true,"href":"https:\/\/marcuspatrickrehberg.com\/index.php?rest_route=\/wp\/v2\/users\/1"}],"replies":[{"embeddable":true,"href":"https:\/\/marcuspatrickrehberg.com\/index.php?rest_route=%2Fwp%2Fv2%2Fcomments&post=65"}],"version-history":[{"count":13,"href":"https:\/\/marcuspatrickrehberg.com\/index.php?rest_route=\/wp\/v2\/pages\/65\/revisions"}],"predecessor-version":[{"id":269,"href":"https:\/\/marcuspatrickrehberg.com\/index.php?rest_route=\/wp\/v2\/pages\/65\/revisions\/269"}],"wp:attachment":[{"href":"https:\/\/marcuspatrickrehberg.com\/index.php?rest_route=%2Fwp%2Fv2%2Fmedia&parent=65"}],"curies":[{"name":"wp","href":"https:\/\/api.w.org\/{rel}","templated":true}]}}