{"id":70,"date":"2022-08-11T14:29:57","date_gmt":"2022-08-11T14:29:57","guid":{"rendered":"http:\/\/marcuspatrickrehberg.com\/?page_id=70"},"modified":"2024-02-07T09:31:59","modified_gmt":"2024-02-07T09:31:59","slug":"philosophie","status":"publish","type":"page","link":"https:\/\/marcuspatrickrehberg.com\/?page_id=70","title":{"rendered":"Philosophie"},"content":{"rendered":"\n<p>Full Service Dramaturgie bedeutet f\u00fcr&nbsp;Marcus Patrick Rehberg&nbsp;nicht, jedem alles zu bieten,&nbsp;sondern&nbsp;bestimmten Klienten und bestimmten Projekten&nbsp;zum h\u00f6chsten Wohle aller Beteiligten zu dienen!<\/p>\n\n\n\n<p>In welcher Weise dies geschieht, ist von Projekt zu Projekt verschieden.<\/p>\n\n\n\n<p>Jedes Projekt ist einzigartig und geht seinen einzigartigen Weg. Alle Beteiligten sind dabei &#8211; jeder auf seine Weise &#8211; gleicherma\u00dfen in Dienst genommen.<\/p>\n\n\n\n<p>Marcus Patrick Rehberg&nbsp;arbeitet vorzugsweise in den Genres Drama, Melodrama, Dram\u00f6die, Romantische Kom\u00f6die, Kom\u00f6die. Nat\u00fcrlich auch alle Unterkategorien.<\/p>\n\n\n\n<p>Willkommen sind auch alle Settings und Zeiten, ob nun historisch, Gegenwart oder Zukunft.<\/p>\n","protected":false},"excerpt":{"rendered":"<p>Full Service Dramaturgie bedeutet f\u00fcr&nbsp;Marcus Patrick Rehberg&nbsp;nicht, jedem alles zu bieten,&nbsp;sondern&nbsp;bestimmten Klienten und bestimmten Projekten&nbsp;zum h\u00f6chsten Wohle aller Beteiligten zu dienen! In welcher Weise dies geschieht, ist von Projekt zu Projekt verschieden. Jedes Projekt ist einzigartig und geht seinen einzigartigen Weg. Alle Beteiligten sind dabei &#8211; jeder auf seine Weise &#8211; gleicherma\u00dfen in Dienst genommen. &hellip; <\/p>\n<p class=\"link-more\"><a href=\"https:\/\/marcuspatrickrehberg.com\/?page_id=70\" class=\"more-link\"><span class=\"screen-reader-text\">\u201ePhilosophie\u201c<\/span> weiterlesen<\/a><\/p>\n","protected":false},"author":1,"featured_media":0,"parent":0,"menu_order":0,"comment_status":"closed","ping_status":"closed","template":"","meta":{"footnotes":""},"_links":{"self":[{"href":"https:\/\/marcuspatrickrehberg.com\/index.php?rest_route=\/wp\/v2\/pages\/70"}],"collection":[{"href":"https:\/\/marcuspatrickrehberg.com\/index.php?rest_route=\/wp\/v2\/pages"}],"about":[{"href":"https:\/\/marcuspatrickrehberg.com\/index.php?rest_route=\/wp\/v2\/types\/page"}],"author":[{"embeddable":true,"href":"https:\/\/marcuspatrickrehberg.com\/index.php?rest_route=\/wp\/v2\/users\/1"}],"replies":[{"embeddable":true,"href":"https:\/\/marcuspatrickrehberg.com\/index.php?rest_route=%2Fwp%2Fv2%2Fcomments&post=70"}],"version-history":[{"count":2,"href":"https:\/\/marcuspatrickrehberg.com\/index.php?rest_route=\/wp\/v2\/pages\/70\/revisions"}],"predecessor-version":[{"id":274,"href":"https:\/\/marcuspatrickrehberg.com\/index.php?rest_route=\/wp\/v2\/pages\/70\/revisions\/274"}],"wp:attachment":[{"href":"https:\/\/marcuspatrickrehberg.com\/index.php?rest_route=%2Fwp%2Fv2%2Fmedia&parent=70"}],"curies":[{"name":"wp","href":"https:\/\/api.w.org\/{rel}","templated":true}]}}